{"id":894,"date":"2023-11-16T18:05:59","date_gmt":"2023-11-16T18:05:59","guid":{"rendered":"https:\/\/hungarianstudies.org\/?page_id=894"},"modified":"2023-11-16T18:05:59","modified_gmt":"2023-11-16T18:05:59","slug":"nandor-dreisziger-medal","status":"publish","type":"page","link":"https:\/\/hungarianstudies.org\/?page_id=894","title":{"rendered":"N\u00e1ndor Dreisziger Medal"},"content":{"rendered":"<p><img loading=\"lazy\" decoding=\"async\" class=\"alignleft size-medium wp-image-895\" src=\"https:\/\/hungarianstudies.org\/wp-content\/uploads\/2023\/11\/dreisziger_medal-300x297.jpg\" alt=\"\" width=\"300\" height=\"297\" srcset=\"https:\/\/hungarianstudies.org\/wp-content\/uploads\/2023\/11\/dreisziger_medal-300x297.jpg 300w, https:\/\/hungarianstudies.org\/wp-content\/uploads\/2023\/11\/dreisziger_medal-150x150.jpg 150w, https:\/\/hungarianstudies.org\/wp-content\/uploads\/2023\/11\/dreisziger_medal.jpg 416w\" sizes=\"auto, (max-width: 300px) 100vw, 300px\" \/>Initiated in 2015, the <strong>N\u00e1ndor Dreisziger Medal<\/strong> is awarded to an academic or a distinguished member of the community for outstanding contributions to Hungarian studies in Canada.<\/p>\n<p>Past recipients include:<\/p>\n<ul>\n<li>Prof. N\u00e1ndor Dreisziger, Emeritus Professor, Royal Military College after whom the award was named<\/li>\n<li>(posthumous) Prof. George Bisztray, former Hungarian Chair and Emeritus Professor, University of Toronto<\/li>\n<li>Judy Young, former Executive Secretary of the HSAC and founder of the Canada-Hungary Educational Foundation (CHEF)<\/li>\n<li>Margit Lovrics, former HSAC Treasurer<\/li>\n<li>Dr. \u00c9va T\u00f6m\u00f6ry, former Secretary of the HSAC and Lecturer at the University of Toronto<\/li>\n<\/ul>\n<p>&nbsp;<\/p>\n<p>HSAC members may send in their suggestions for future recipients to the Planning and Nominations Committee currently composed of:<\/p>\n<ul>\n<li>Dr. Eva Tomory: eva.tomory@utoronto.ca<\/li>\n<li>Prof. Oliver Botar: oliver.botar@umanitoba.ca<\/li>\n<\/ul>\n","protected":false},"excerpt":{"rendered":"<p>Initiated in 2015, the N\u00e1ndor Dreisziger Medal is awarded to an academic or a distinguished member of the community for outstanding contributions to Hungarian studies in Canada. Past recipients include: Prof. N\u00e1ndor Dreisziger, Emeritus Professor, Royal Military College after whom&#8230;<\/p>\n","protected":false},"author":1,"featured_media":0,"parent":0,"menu_order":0,"comment_status":"closed","ping_status":"closed","template":"","meta":{"footnotes":""},"class_list":["post-894","page","type-page","status-publish","hentry"],"_links":{"self":[{"href":"https:\/\/hungarianstudies.org\/index.php?rest_route=\/wp\/v2\/pages\/894","targetHints":{"allow":["GET"]}}],"collection":[{"href":"https:\/\/hungarianstudies.org\/index.php?rest_route=\/wp\/v2\/pages"}],"about":[{"href":"https:\/\/hungarianstudies.org\/index.php?rest_route=\/wp\/v2\/types\/page"}],"author":[{"embeddable":true,"href":"https:\/\/hungarianstudies.org\/index.php?rest_route=\/wp\/v2\/users\/1"}],"replies":[{"embeddable":true,"href":"https:\/\/hungarianstudies.org\/index.php?rest_route=%2Fwp%2Fv2%2Fcomments&post=894"}],"version-history":[{"count":3,"href":"https:\/\/hungarianstudies.org\/index.php?rest_route=\/wp\/v2\/pages\/894\/revisions"}],"predecessor-version":[{"id":898,"href":"https:\/\/hungarianstudies.org\/index.php?rest_route=\/wp\/v2\/pages\/894\/revisions\/898"}],"wp:attachment":[{"href":"https:\/\/hungarianstudies.org\/index.php?rest_route=%2Fwp%2Fv2%2Fmedia&parent=894"}],"curies":[{"name":"wp","href":"https:\/\/api.w.org\/{rel}","templated":true}]}}