{"id":534,"date":"2018-12-02T14:57:27","date_gmt":"2018-12-02T14:57:27","guid":{"rendered":"https:\/\/hungarianstudies.org\/?page_id=534"},"modified":"2023-09-19T13:51:02","modified_gmt":"2023-09-19T13:51:02","slug":"hsacs-33rd-annual-conference-at-the-university-of-regina-may-26-28th-2018","status":"publish","type":"page","link":"https:\/\/hungarianstudies.org\/?page_id=534","title":{"rendered":"HSAC\u2019s 33rd Annual Conference at the University of Regina, May 26-28th 2018"},"content":{"rendered":"<figure id=\"attachment_543\" aria-describedby=\"caption-attachment-543\" style=\"width: 300px\" class=\"wp-caption alignright\"><img loading=\"lazy\" decoding=\"async\" class=\"wp-image-543 size-medium\" src=\"https:\/\/hungarianstudies.org\/wp-content\/uploads\/2018\/12\/Margit_Lovrics-1-300x225.jpg\" alt=\"\" width=\"300\" height=\"225\" srcset=\"https:\/\/hungarianstudies.org\/wp-content\/uploads\/2018\/12\/Margit_Lovrics-1-300x225.jpg 300w, https:\/\/hungarianstudies.org\/wp-content\/uploads\/2018\/12\/Margit_Lovrics-1-768x576.jpg 768w, https:\/\/hungarianstudies.org\/wp-content\/uploads\/2018\/12\/Margit_Lovrics-1.jpg 960w\" sizes=\"auto, (max-width: 300px) 100vw, 300px\" \/><figcaption id=\"caption-attachment-543\" class=\"wp-caption-text\"><span style=\"font-size: 8pt;\">Long-term HSAC Treasurer Margit Lovrics and behind her historian Maria Palasik from Hungary<\/span><\/figcaption><\/figure>\n<p class=\"yiv5073351110MsoNormal\">Report by Judy Young Drache<\/p>\n<p class=\"yiv5073351110MsoNormal\">By any account we should count the conference at the University of Regina among our more successful and memorable ones. Though we were relatively few in number since the majority of HSAC\u2019s membership is in Central Canada (and for many of our international members it was a little too far and hard to get to), nevertheless a good time was had by all.<\/p>\n<p class=\"yiv5073351110MsoNormal\">The conference started with a really interesting and cutting-edge interdisciplinary keynote by Steve Seegel of the University of Northern Colorado about Count Teleki and the \u201cTransnational\u00a0 Map Men\u201d\u00a0\u00a0 followed by a similarly interdisciplinary (primarily historical geography) session on Hungary after the Treaty of Trianon.\u00a0 I, for one, had not thought much about the influence of map making on the definition of a nation until I listened to the papers presented in these sessions.<\/p>\n<p class=\"yiv5073351110MsoNormal\">Geography and history were also intermingled in our whole day field trip to the early Hungarian communities of Bekevar and Kaposvar which brought our conference participants closer together by dint of spending hours on the bus, visiting the\u00a0 two Canadian national historic sites, and being the dinner guests of the remnants of the Bekevar Hungarian community and their fellow Presbyterian congregants.<\/p>\n<p>Two of our members, Chris Adam and Ilona S\u00e1ndor,\u00a0 had described the field trip in detail, including photos and a video.<\/p>\n<p>These can be found at<strong>\u00a0<a href=\"http:\/\/kanadaihirlap.com\/2018\/05\/31\/bekevar-hangjai-latogatas-egy-tortenelmi-kanadai-magyar-kozossegbe-video\/\" target=\"_blank\" rel=\"noopener noreferrer\">http:\/\/kanadaihirlap.com<\/a><\/strong>\u00a0and\u00a0at <strong><a href=\"https:\/\/issuu.com\/magyareletmagazin\/docs\/magyar__let_2018._ny_r_2018\" target=\"_blank\" rel=\"noopener noreferrer\">https:\/\/issuu.com\/magyareletmagazin\/docs\/magyar__let_2018._ny_r_2018<\/a><\/strong>\u00a0respectively.\u00a0 Ilona\u2019s article in the second link is on pp. 13-14.<\/p>\n<figure id=\"attachment_530\" aria-describedby=\"caption-attachment-530\" style=\"width: 333px\" class=\"wp-caption alignleft\"><a href=\"https:\/\/hungarianstudies.org\/wp-content\/uploads\/2018\/12\/33811062_10160447744425123_5105449447484030976_o.jpg\"><img loading=\"lazy\" decoding=\"async\" class=\"wp-image-530\" src=\"https:\/\/hungarianstudies.org\/wp-content\/uploads\/2018\/12\/33811062_10160447744425123_5105449447484030976_o-300x225.jpg\" alt=\"\" width=\"333\" height=\"250\" srcset=\"https:\/\/hungarianstudies.org\/wp-content\/uploads\/2018\/12\/33811062_10160447744425123_5105449447484030976_o-300x225.jpg 300w, https:\/\/hungarianstudies.org\/wp-content\/uploads\/2018\/12\/33811062_10160447744425123_5105449447484030976_o-768x576.jpg 768w, https:\/\/hungarianstudies.org\/wp-content\/uploads\/2018\/12\/33811062_10160447744425123_5105449447484030976_o-1024x768.jpg 1024w, https:\/\/hungarianstudies.org\/wp-content\/uploads\/2018\/12\/33811062_10160447744425123_5105449447484030976_o-1320x990.jpg 1320w, https:\/\/hungarianstudies.org\/wp-content\/uploads\/2018\/12\/33811062_10160447744425123_5105449447484030976_o.jpg 1728w\" sizes=\"auto, (max-width: 333px) 100vw, 333px\" \/><\/a><figcaption id=\"caption-attachment-530\" class=\"wp-caption-text\"><span style=\"font-size: 8pt;\">Bekevar Church<\/span><\/figcaption><\/figure>\n<figure id=\"attachment_582\" aria-describedby=\"caption-attachment-582\" style=\"width: 332px\" class=\"wp-caption alignleft\"><a href=\"https:\/\/hungarianstudies.org\/wp-content\/uploads\/2018\/12\/kaposvar.jpg\"><img loading=\"lazy\" decoding=\"async\" class=\"wp-image-582\" src=\"https:\/\/hungarianstudies.org\/wp-content\/uploads\/2018\/12\/kaposvar-300x225.jpg\" alt=\"\" width=\"332\" height=\"249\" srcset=\"https:\/\/hungarianstudies.org\/wp-content\/uploads\/2018\/12\/kaposvar-300x225.jpg 300w, https:\/\/hungarianstudies.org\/wp-content\/uploads\/2018\/12\/kaposvar-768x576.jpg 768w, https:\/\/hungarianstudies.org\/wp-content\/uploads\/2018\/12\/kaposvar-1024x768.jpg 1024w, https:\/\/hungarianstudies.org\/wp-content\/uploads\/2018\/12\/kaposvar-1320x990.jpg 1320w, https:\/\/hungarianstudies.org\/wp-content\/uploads\/2018\/12\/kaposvar.jpg 1728w\" sizes=\"auto, (max-width: 332px) 100vw, 332px\" \/><\/a><figcaption id=\"caption-attachment-582\" class=\"wp-caption-text\"><span style=\"font-size: 8pt;\">Kaposvar Church<\/span><\/figcaption><\/figure>\n<p>&nbsp;<\/p>\n<p>&nbsp;<\/p>\n<p>&nbsp;<\/p>\n<p>&nbsp;<\/p>\n<p>&nbsp;<\/p>\n<p>&nbsp;<\/p>\n<p>&nbsp;<\/p>\n<p>&nbsp;<\/p>\n<p>The third day of the conference program contained a good variety of papers (see\u00a0<strong><a href=\"https:\/\/hungarianstudies.org\/wp-content\/uploads\/2018\/10\/2018HSAC-final-program-2018.04.27.pdf\">Program<\/a><\/strong>)\u00a0\u00a0about the concepts and interpretations of the meaning of \u2018community\u2019\u00a0 with reference of course to Hungarian communities in Hungary, Canada, and elsewhere in the world \u2013 as well as in communities of memory or in the arts, especially drama and literature. A number of international speakers contributed rich and diverse perspectives to an overall stimulating conference. Last but not least, participants enjoyed a special dramatic reading by Ilona S\u00e1ndor and Oliver Botar from a recently published volume of the late Canadian Hungarian Robert Zend\u2019s poetry:\u00a0<em>Bibliai id\u0151kben \u00e9lt\u00fcnk<\/em>, posthumously published in Hungary in 2017.<\/p>\n<figure id=\"attachment_539\" aria-describedby=\"caption-attachment-539\" style=\"width: 339px\" class=\"wp-caption alignleft\"><a href=\"https:\/\/hungarianstudies.org\/wp-content\/uploads\/2018\/12\/IMG_5310.jpg\"><img loading=\"lazy\" decoding=\"async\" class=\"wp-image-539\" src=\"https:\/\/hungarianstudies.org\/wp-content\/uploads\/2018\/12\/IMG_5310-1024x768.jpg\" alt=\"\" width=\"339\" height=\"254\" srcset=\"https:\/\/hungarianstudies.org\/wp-content\/uploads\/2018\/12\/IMG_5310-1024x768.jpg 1024w, https:\/\/hungarianstudies.org\/wp-content\/uploads\/2018\/12\/IMG_5310-300x225.jpg 300w, https:\/\/hungarianstudies.org\/wp-content\/uploads\/2018\/12\/IMG_5310-768x576.jpg 768w, https:\/\/hungarianstudies.org\/wp-content\/uploads\/2018\/12\/IMG_5310-1320x990.jpg 1320w\" sizes=\"auto, (max-width: 339px) 100vw, 339px\" \/><\/a><figcaption id=\"caption-attachment-539\" class=\"wp-caption-text\"><span style=\"font-size: 8pt;\">Steven Seegel<\/span><\/figcaption><\/figure>\n<figure id=\"attachment_541\" aria-describedby=\"caption-attachment-541\" style=\"width: 339px\" class=\"wp-caption alignleft\"><a href=\"https:\/\/hungarianstudies.org\/wp-content\/uploads\/2018\/12\/IMG_5330.jpg\"><img loading=\"lazy\" decoding=\"async\" class=\"wp-image-541 \" src=\"https:\/\/hungarianstudies.org\/wp-content\/uploads\/2018\/12\/IMG_5330-300x225.jpg\" alt=\"\" width=\"339\" height=\"254\" srcset=\"https:\/\/hungarianstudies.org\/wp-content\/uploads\/2018\/12\/IMG_5330-300x225.jpg 300w, https:\/\/hungarianstudies.org\/wp-content\/uploads\/2018\/12\/IMG_5330-768x576.jpg 768w, https:\/\/hungarianstudies.org\/wp-content\/uploads\/2018\/12\/IMG_5330-1024x768.jpg 1024w, https:\/\/hungarianstudies.org\/wp-content\/uploads\/2018\/12\/IMG_5330-1320x990.jpg 1320w\" sizes=\"auto, (max-width: 339px) 100vw, 339px\" \/><\/a><figcaption id=\"caption-attachment-541\" class=\"wp-caption-text\"><span style=\"font-size: 8pt;\">Steve Jobbitt<\/span><\/figcaption><\/figure>\n<p>&nbsp;<\/p>\n<p>&nbsp;<\/p>\n<p>&nbsp;<\/p>\n<p>&nbsp;<\/p>\n<p>&nbsp;<\/p>\n<p>&nbsp;<\/p>\n<p>&nbsp;<\/p>\n<p>&nbsp;<\/p>\n<figure id=\"attachment_540\" aria-describedby=\"caption-attachment-540\" style=\"width: 339px\" class=\"wp-caption alignleft\"><a href=\"https:\/\/hungarianstudies.org\/wp-content\/uploads\/2018\/12\/IMG_5313.jpg\"><img loading=\"lazy\" decoding=\"async\" class=\"wp-image-540 \" src=\"https:\/\/hungarianstudies.org\/wp-content\/uploads\/2018\/12\/IMG_5313-300x225.jpg\" alt=\"\" width=\"339\" height=\"254\" srcset=\"https:\/\/hungarianstudies.org\/wp-content\/uploads\/2018\/12\/IMG_5313-300x225.jpg 300w, https:\/\/hungarianstudies.org\/wp-content\/uploads\/2018\/12\/IMG_5313-768x576.jpg 768w, https:\/\/hungarianstudies.org\/wp-content\/uploads\/2018\/12\/IMG_5313-1024x768.jpg 1024w, https:\/\/hungarianstudies.org\/wp-content\/uploads\/2018\/12\/IMG_5313-1320x990.jpg 1320w\" sizes=\"auto, (max-width: 339px) 100vw, 339px\" \/><\/a><figcaption id=\"caption-attachment-540\" class=\"wp-caption-text\"><span style=\"font-size: 8pt;\">L to r. Oliver Botar, Zoltan Hajnal, Gy\u00f6ngyi Heltai <\/span><\/figcaption><\/figure>\n<figure id=\"attachment_542\" aria-describedby=\"caption-attachment-542\" style=\"width: 340px\" class=\"wp-caption alignleft\"><a href=\"https:\/\/hungarianstudies.org\/wp-content\/uploads\/2018\/12\/IMG_5343.jpg\"><img loading=\"lazy\" decoding=\"async\" class=\"wp-image-542 \" src=\"https:\/\/hungarianstudies.org\/wp-content\/uploads\/2018\/12\/IMG_5343-300x225.jpg\" alt=\"\" width=\"340\" height=\"255\" srcset=\"https:\/\/hungarianstudies.org\/wp-content\/uploads\/2018\/12\/IMG_5343-300x225.jpg 300w, https:\/\/hungarianstudies.org\/wp-content\/uploads\/2018\/12\/IMG_5343-768x576.jpg 768w, https:\/\/hungarianstudies.org\/wp-content\/uploads\/2018\/12\/IMG_5343-1024x768.jpg 1024w, https:\/\/hungarianstudies.org\/wp-content\/uploads\/2018\/12\/IMG_5343-1320x990.jpg 1320w\" sizes=\"auto, (max-width: 340px) 100vw, 340px\" \/><\/a><figcaption id=\"caption-attachment-542\" class=\"wp-caption-text\"><span style=\"font-size: 8pt;\">Robert Gy\u0151ri, Ferenc Janko, Judy Young Drache<\/span><\/figcaption><\/figure>\n<p>&nbsp;<\/p>\n<p>&nbsp;<\/p>\n<p>&nbsp;<\/p>\n<p>&nbsp;<\/p>\n<p>&nbsp;<\/p>\n<p>&nbsp;<\/p>\n<p><span style=\"font-size: 8pt;\">\u00a0 \u00a0 \u00a0 \u00a0 \u00a0\u00a0<\/span><\/p>\n<p>&nbsp;<\/p>\n<figure id=\"attachment_576\" aria-describedby=\"caption-attachment-576\" style=\"width: 339px\" class=\"wp-caption alignleft\"><a href=\"https:\/\/hungarianstudies.org\/wp-content\/uploads\/2018\/12\/IMG_5508.jpg\"><img loading=\"lazy\" decoding=\"async\" class=\"wp-image-576 \" src=\"https:\/\/hungarianstudies.org\/wp-content\/uploads\/2018\/12\/IMG_5508-300x225.jpg\" alt=\"\" width=\"339\" height=\"254\" srcset=\"https:\/\/hungarianstudies.org\/wp-content\/uploads\/2018\/12\/IMG_5508-300x225.jpg 300w, https:\/\/hungarianstudies.org\/wp-content\/uploads\/2018\/12\/IMG_5508-768x576.jpg 768w, https:\/\/hungarianstudies.org\/wp-content\/uploads\/2018\/12\/IMG_5508-1024x768.jpg 1024w, https:\/\/hungarianstudies.org\/wp-content\/uploads\/2018\/12\/IMG_5508-1320x990.jpg 1320w\" sizes=\"auto, (max-width: 339px) 100vw, 339px\" \/><\/a><figcaption id=\"caption-attachment-576\" class=\"wp-caption-text\"><span style=\"font-size: 8pt;\">Gabor Csepregi with part of the audience<\/span><\/figcaption><\/figure>\n<figure id=\"attachment_575\" aria-describedby=\"caption-attachment-575\" style=\"width: 338px\" class=\"wp-caption alignleft\"><a href=\"https:\/\/hungarianstudies.org\/wp-content\/uploads\/2018\/12\/IMG_5514.jpg\"><img loading=\"lazy\" decoding=\"async\" class=\"wp-image-575 \" src=\"https:\/\/hungarianstudies.org\/wp-content\/uploads\/2018\/12\/IMG_5514-300x225.jpg\" alt=\"\" width=\"338\" height=\"253\" srcset=\"https:\/\/hungarianstudies.org\/wp-content\/uploads\/2018\/12\/IMG_5514-300x225.jpg 300w, https:\/\/hungarianstudies.org\/wp-content\/uploads\/2018\/12\/IMG_5514-768x576.jpg 768w, https:\/\/hungarianstudies.org\/wp-content\/uploads\/2018\/12\/IMG_5514-1024x768.jpg 1024w, https:\/\/hungarianstudies.org\/wp-content\/uploads\/2018\/12\/IMG_5514-1320x990.jpg 1320w\" sizes=\"auto, (max-width: 338px) 100vw, 338px\" \/><\/a><figcaption id=\"caption-attachment-575\" class=\"wp-caption-text\"><span style=\"font-size: 8pt;\">Roman Holec<\/span><\/figcaption><\/figure>\n<p>&nbsp;<\/p>\n","protected":false},"excerpt":{"rendered":"<p>Report by Judy Young Drache By any account we should count the conference at the University of Regina among our more successful and memorable ones. Though we were relatively few in number since the majority of HSAC\u2019s membership is in&#8230;<\/p>\n","protected":false},"author":1,"featured_media":0,"parent":0,"menu_order":0,"comment_status":"closed","ping_status":"closed","template":"","meta":{"footnotes":""},"class_list":["post-534","page","type-page","status-publish","hentry"],"_links":{"self":[{"href":"https:\/\/hungarianstudies.org\/index.php?rest_route=\/wp\/v2\/pages\/534","targetHints":{"allow":["GET"]}}],"collection":[{"href":"https:\/\/hungarianstudies.org\/index.php?rest_route=\/wp\/v2\/pages"}],"about":[{"href":"https:\/\/hungarianstudies.org\/index.php?rest_route=\/wp\/v2\/types\/page"}],"author":[{"embeddable":true,"href":"https:\/\/hungarianstudies.org\/index.php?rest_route=\/wp\/v2\/users\/1"}],"replies":[{"embeddable":true,"href":"https:\/\/hungarianstudies.org\/index.php?rest_route=%2Fwp%2Fv2%2Fcomments&post=534"}],"version-history":[{"count":32,"href":"https:\/\/hungarianstudies.org\/index.php?rest_route=\/wp\/v2\/pages\/534\/revisions"}],"predecessor-version":[{"id":604,"href":"https:\/\/hungarianstudies.org\/index.php?rest_route=\/wp\/v2\/pages\/534\/revisions\/604"}],"wp:attachment":[{"href":"https:\/\/hungarianstudies.org\/index.php?rest_route=%2Fwp%2Fv2%2Fmedia&parent=534"}],"curies":[{"name":"wp","href":"https:\/\/api.w.org\/{rel}","templated":true}]}}