{"id":298,"date":"2018-10-25T00:34:06","date_gmt":"2018-10-25T00:34:06","guid":{"rendered":"https:\/\/hungarianstudies.org\/?page_id=298"},"modified":"2026-04-09T13:36:04","modified_gmt":"2026-04-09T13:36:04","slug":"home-2","status":"publish","type":"page","link":"https:\/\/hungarianstudies.org\/","title":{"rendered":"Welcome to HSAC!"},"content":{"rendered":"<h1><img loading=\"lazy\" decoding=\"async\" class=\"alignleft wp-image-1166\" src=\"https:\/\/hungarianstudies.org\/wp-content\/uploads\/2026\/04\/online_conference-300x261.png\" alt=\"\" width=\"229\" height=\"199\" srcset=\"https:\/\/hungarianstudies.org\/wp-content\/uploads\/2026\/04\/online_conference-300x261.png 300w, https:\/\/hungarianstudies.org\/wp-content\/uploads\/2026\/04\/online_conference-1024x892.png 1024w, https:\/\/hungarianstudies.org\/wp-content\/uploads\/2026\/04\/online_conference-768x669.png 768w, https:\/\/hungarianstudies.org\/wp-content\/uploads\/2026\/04\/online_conference-1536x1338.png 1536w, https:\/\/hungarianstudies.org\/wp-content\/uploads\/2026\/04\/online_conference-2048x1784.png 2048w\" sizes=\"auto, (max-width: 229px) 100vw, 229px\" \/>HSAC Annual Conference 2026<\/h1>\n<p>The Hungarian Studies Association of Canada&#8217;s <strong>40th Anniversary Conference<\/strong> will be held entirely online on <strong>June 10-11, 2026<\/strong>. In addition to the virtual conference, there will be an in-person celebration in Toronto on <strong>June 13-14<\/strong>.<\/p>\n<p><a href=\"https:\/\/hungarianstudies.org\/?p=1120\">Visit the Call for Papers page<\/a> for more details.<\/p>\n<p style=\"text-align: left;\">HSAC kindly requests that you express your level of interest in attending the in-person celebration by filling out the form at\u00a0 <a href=\"https:\/\/bit.ly\/hsacinperson\" target=\"_blank\" rel=\"noopener\">https:\/\/bit.ly\/hsacinperson<\/a>. Those who attend are responsible for their own travel and accommodation.<\/p>\n<p style=\"text-align: center;\"><strong><a href=\"https:\/\/hungarianstudies.org\/wp-content\/uploads\/2026\/02\/HSAC-40th-anniversary-Toronto-conference-temporary-schedule.pdf\" target=\"_blank\" rel=\"noopener\">Preliminary programme for June 13-14, 2026 in-person meeting in Toronto<\/a><\/strong><\/p>\n<p style=\"text-align: center;\"><a href=\"https:\/\/hungarianstudies.org\/?page_id=1162\"><strong>Pay the Conference Registration Fee online<\/strong><\/a><\/p>\n<hr \/>\n<p>&nbsp;<\/p>\n<figure id=\"attachment_1107\" aria-describedby=\"caption-attachment-1107\" style=\"width: 300px\" class=\"wp-caption alignleft\"><a href=\"https:\/\/hungarianstudies.org\/wp-content\/uploads\/2025\/08\/Group-photo-2025-conference.jpg\" target=\"_blank\" rel=\"noopener\"><img loading=\"lazy\" decoding=\"async\" class=\"wp-image-1107 size-medium\" src=\"https:\/\/hungarianstudies.org\/wp-content\/uploads\/2025\/08\/Group-photo-2025-conference-300x225.jpg\" alt=\"\" width=\"300\" height=\"225\" srcset=\"https:\/\/hungarianstudies.org\/wp-content\/uploads\/2025\/08\/Group-photo-2025-conference-300x225.jpg 300w, https:\/\/hungarianstudies.org\/wp-content\/uploads\/2025\/08\/Group-photo-2025-conference-1024x768.jpg 1024w, https:\/\/hungarianstudies.org\/wp-content\/uploads\/2025\/08\/Group-photo-2025-conference-768x576.jpg 768w, https:\/\/hungarianstudies.org\/wp-content\/uploads\/2025\/08\/Group-photo-2025-conference-1536x1152.jpg 1536w, https:\/\/hungarianstudies.org\/wp-content\/uploads\/2025\/08\/Group-photo-2025-conference.jpg 1600w\" sizes=\"auto, (max-width: 300px) 100vw, 300px\" \/><\/a><figcaption id=\"caption-attachment-1107\" class=\"wp-caption-text\">2025 Conference Group Photo<\/figcaption><\/figure>\n<h2>HSAC Annual Conference 2025<\/h2>\n<p><b>The 2025 Annual HSAC Conference took place as part of the Congress of the Humanities and Social Sciences in Toronto at George Brown College from May 31 to June 2, 2025.\u00a0<\/b><\/p>\n<p>See the <a href=\"https:\/\/hungarianstudies.org\/?page_id=914\">Conference Pictures<\/a><\/p>\n<h4><\/h4>\n<p>&nbsp;<\/p>\n<p>&nbsp;<\/p>\n<hr \/>\n<div><\/div>\n<h2 class=\"yiv4663834839elementToProof\" style=\"text-align: left;\"><img loading=\"lazy\" decoding=\"async\" class=\" wp-image-1126 alignright\" src=\"https:\/\/hungarianstudies.org\/wp-content\/uploads\/2025\/10\/Laszlo_Krasznahorkai-200x300.jpg\" alt=\"\" width=\"139\" height=\"209\" srcset=\"https:\/\/hungarianstudies.org\/wp-content\/uploads\/2025\/10\/Laszlo_Krasznahorkai-200x300.jpg 200w, https:\/\/hungarianstudies.org\/wp-content\/uploads\/2025\/10\/Laszlo_Krasznahorkai.jpg 208w\" sizes=\"auto, (max-width: 139px) 100vw, 139px\" \/>Hungarian writer L\u00e1szl\u00f3 Krasznahorkai wins 2025 Nobel Prize in Literature<\/h2>\n<div class=\"yiv4663834839elementToProof\"><a id=\"yiv4663834839OWA1dc4363c-3418-c9d9-d458-0a93e4a4ccd0\" class=\"yiv4663834839OWAAutoLink yiv4663834839elementToProof\" href=\"https:\/\/www.nobelprize.org\/prizes\/literature\/2025\/prize-announcement\/\" target=\"_blank\" rel=\"nofollow noopener noreferrer\">Nobel Prize in Literature 2025 &#8211; Prize announcement &#8211; NobelPrize.org<\/a><\/div>\n<p>&nbsp;<\/p>\n<p>&nbsp;<\/p>\n<p><img loading=\"lazy\" decoding=\"async\" class=\"size-medium wp-image-1063 alignleft\" src=\"https:\/\/hungarianstudies.org\/wp-content\/uploads\/2025\/04\/Eva_Tomory-214x300.jpg\" alt=\"\" width=\"214\" height=\"300\" srcset=\"https:\/\/hungarianstudies.org\/wp-content\/uploads\/2025\/04\/Eva_Tomory-214x300.jpg 214w, https:\/\/hungarianstudies.org\/wp-content\/uploads\/2025\/04\/Eva_Tomory.jpg 221w\" sizes=\"auto, (max-width: 214px) 100vw, 214px\" \/><\/p>\n<p>&nbsp;<\/p>\n<p>&nbsp;<\/p>\n<h1><a href=\"https:\/\/hungarianstudies.org\/?p=1062\">In Memoriam<\/a><\/h1>\n<h1><a href=\"https:\/\/hungarianstudies.org\/?p=1062\">Dr. \u00c9va T\u00f6m\u00f6ry (Eva Tomory)<\/a><\/h1>\n<h1>(1956\u20132025)<\/h1>\n<p>&nbsp;<\/p>\n<p>&nbsp;<\/p>\n<p><a href=\"https:\/\/hungarianstudies.org\/?page_id=257\"><img loading=\"lazy\" decoding=\"async\" class=\"alignnone wp-image-512\" src=\"https:\/\/hungarianstudies.org\/wp-content\/uploads\/2018\/11\/conferences.jpg\" alt=\"\" width=\"275\" height=\"238\" srcset=\"https:\/\/hungarianstudies.org\/wp-content\/uploads\/2018\/11\/conferences.jpg 400w, https:\/\/hungarianstudies.org\/wp-content\/uploads\/2018\/11\/conferences-300x260.jpg 300w\" sizes=\"auto, (max-width: 275px) 100vw, 275px\" \/><\/a>\u00a0 \u00a0\u00a0<strong><a href=\"https:\/\/hungarianstudies.org\/?page_id=131\"><img loading=\"lazy\" decoding=\"async\" class=\"alignnone wp-image-514\" src=\"https:\/\/hungarianstudies.org\/wp-content\/uploads\/2018\/11\/HSR.jpg\" alt=\"\" width=\"275\" height=\"238\" srcset=\"https:\/\/hungarianstudies.org\/wp-content\/uploads\/2018\/11\/HSR.jpg 400w, https:\/\/hungarianstudies.org\/wp-content\/uploads\/2018\/11\/HSR-300x260.jpg 300w\" sizes=\"auto, (max-width: 275px) 100vw, 275px\" \/><\/a> <a href=\"https:\/\/hungarianstudies.org\/?page_id=894\"><img loading=\"lazy\" decoding=\"async\" class=\"alignnone wp-image-900\" src=\"https:\/\/hungarianstudies.org\/wp-content\/uploads\/2023\/11\/NANDOR_medal-1-300x291.jpg\" alt=\"\" width=\"241\" height=\"233\" srcset=\"https:\/\/hungarianstudies.org\/wp-content\/uploads\/2023\/11\/NANDOR_medal-1-300x291.jpg 300w, https:\/\/hungarianstudies.org\/wp-content\/uploads\/2023\/11\/NANDOR_medal-1.jpg 468w\" sizes=\"auto, (max-width: 241px) 100vw, 241px\" \/><\/a><\/strong><\/p>\n<p style=\"text-align: left;\">\n","protected":false},"excerpt":{"rendered":"<p>HSAC Annual Conference 2026 The Hungarian Studies Association of Canada&#8217;s 40th Anniversary Conference will be held entirely online on June 10-11, 2026. In addition to the virtual conference, there will be an in-person celebration in Toronto on June 13-14. Visit&#8230;<\/p>\n","protected":false},"author":1,"featured_media":0,"parent":0,"menu_order":0,"comment_status":"closed","ping_status":"closed","template":"front-page.php","meta":{"footnotes":""},"class_list":["post-298","page","type-page","status-publish","hentry"],"_links":{"self":[{"href":"https:\/\/hungarianstudies.org\/index.php?rest_route=\/wp\/v2\/pages\/298","targetHints":{"allow":["GET"]}}],"collection":[{"href":"https:\/\/hungarianstudies.org\/index.php?rest_route=\/wp\/v2\/pages"}],"about":[{"href":"https:\/\/hungarianstudies.org\/index.php?rest_route=\/wp\/v2\/types\/page"}],"author":[{"embeddable":true,"href":"https:\/\/hungarianstudies.org\/index.php?rest_route=\/wp\/v2\/users\/1"}],"replies":[{"embeddable":true,"href":"https:\/\/hungarianstudies.org\/index.php?rest_route=%2Fwp%2Fv2%2Fcomments&post=298"}],"version-history":[{"count":104,"href":"https:\/\/hungarianstudies.org\/index.php?rest_route=\/wp\/v2\/pages\/298\/revisions"}],"predecessor-version":[{"id":1171,"href":"https:\/\/hungarianstudies.org\/index.php?rest_route=\/wp\/v2\/pages\/298\/revisions\/1171"}],"wp:attachment":[{"href":"https:\/\/hungarianstudies.org\/index.php?rest_route=%2Fwp%2Fv2%2Fmedia&parent=298"}],"curies":[{"name":"wp","href":"https:\/\/api.w.org\/{rel}","templated":true}]}}