{"id":257,"date":"2018-10-20T20:56:43","date_gmt":"2018-10-20T20:56:43","guid":{"rendered":"https:\/\/hungarianstudies.org\/?page_id=257"},"modified":"2025-08-19T15:51:53","modified_gmt":"2025-08-19T15:51:53","slug":"conferences","status":"publish","type":"page","link":"https:\/\/hungarianstudies.org\/?page_id=257","title":{"rendered":"Conferences"},"content":{"rendered":"<p>Below is a list of past HSAC conferences since 1985 with dates and locations:<\/p>\n<p><a href=\"https:\/\/hungarianstudies.org\/?p=1016\"><strong>2025 &#8211; George Brown College, Toronto, Ontario<\/strong><\/a><br \/>\n<a href=\"https:\/\/hungarianstudies.org\/?p=849\"><strong>2024 &#8211; McGill University, Montreal, Quebec<\/strong><\/a><br \/>\n<strong><a href=\"https:\/\/hungarianstudies.org\/?p=822\">2023 &#8211; York University, Toronto, Ontario<\/a><\/strong><br \/>\n<strong><a href=\"https:\/\/hungarianstudies.org\/?p=786\">2022 &#8211; Virtual Conference<\/a><\/strong><br \/>\n<strong><a href=\"https:\/\/hungarianstudies.org\/?p=754\">2021 &#8211; University of Alberta<\/a><\/strong><br \/>\n2020 &#8211; No conference was held due to the Covid 19 pandemic.<br \/>\n<strong><a href=\"https:\/\/hungarianstudies.org\/?p=30\">2019 &#8211; University of British Columbia<\/a><\/strong><br \/>\n<a href=\"https:\/\/hungarianstudies.org\/?p=12\"><strong>2018 &#8211;\u00a0University of Regina, SK<\/strong><\/a>\u00a0 \u00a0 ||\u00a0 \u00a0<strong><a href=\"https:\/\/hungarianstudies.org\/?page_id=534\">READ THE CONFERENCE 2018 REPORT<\/a><\/strong><br \/>\n<strong><a href=\"https:\/\/hungarianstudies.org\/?p=243\">2017 &#8211; Ryerson University, Toronto, Ontario\u00a0<\/a><\/strong><br \/>\n<strong><a href=\"https:\/\/hungarianstudies.org\/?p=319\">2016 &#8211; University of Calgary, Alberta<\/a><\/strong><br \/>\n<strong><a href=\"https:\/\/hungarianstudies.org\/?p=337\">2015 &#8211; University of Ottawa, Ontario<\/a><\/strong><br \/>\n<strong><a href=\"https:\/\/hungarianstudies.org\/?p=343\">2014 &#8211; Brock University, St. Catharines, Ontario<\/a><\/strong><br \/>\n<strong><a href=\"https:\/\/hungarianstudies.org\/?p=350\">2013 &#8211; University of Victoria, Victoria, BC<\/a>\u00a0 \u00a0 ||\u00a0 \u00a0\u00a0<a href=\"https:\/\/hungarianstudies.org\/?page_id=352\">READ THE CONFERENCE 2013 REPORT<\/a>\u00a0<\/strong><br \/>\n<strong><a href=\"https:\/\/hungarianstudies.org\/?p=378\">2012 &#8211; Waterloo, Ontario<\/a><\/strong><br \/>\n<strong><a href=\"https:\/\/hungarianstudies.org\/?p=384\">2011 &#8211; University of New Brunswick and St. Thomas University, Fredericton, NB<\/a><\/strong>\u00a0 \u00a0 ||\u00a0 <a href=\"https:\/\/hungarianstudies.org\/?page_id=386\"><strong>READ THE CONFERENCE 2011 REPORT<\/strong><\/a><br \/>\n<a href=\"https:\/\/hungarianstudies.org\/?p=408\"><strong>2010 &#8211; Concordia University, Montreal, Qu\u00e9bec<\/strong><\/a>\u00a0 \u00a0 ||\u00a0 <a href=\"https:\/\/hungarianstudies.org\/?page_id=418\"><strong>READ THE CONFERENCE 2010 REPORT<\/strong><\/a><br \/>\n<strong><a href=\"https:\/\/hungarianstudies.org\/?page_id=457\">2009 &#8211; Carleton University, Ottawa, Ontario<\/a><\/strong><br \/>\n<strong><a href=\"https:\/\/hungarianstudies.org\/?page_id=469\">2008 &#8211; University of British Columbia, Vancouver, BC<\/a><\/strong><br \/>\n<strong><a href=\"https:\/\/hungarianstudies.org\/wp-content\/uploads\/2018\/11\/1956_2006.pdf\" target=\"_blank\" rel=\"noopener\">2006 &#8211; York University, Toronto, Ontario<\/a><\/strong><br \/>\n2005 &#8211; University of Western Ontario, London, Ontario<br \/>\n2004 &#8211; University of Manitoba, Winnipeg, Manitoba<br \/>\n2003 &#8211; Dalhousie University, Halifax, Nova Scotia<br \/>\n2002 &#8211; University of Toronto and Ryerson Polytechnic University, Toronto, Ontario<br \/>\n2001 &#8211; Laval University, Qu\u00e9bec City, Qu\u00e9bec<br \/>\n2000 &#8211; University of Alberta, Edmonton, Alberta<br \/>\n1999 &#8211; Bishop&#8217;s University, Lennoxville, Qu\u00e9bec<br \/>\n1998 &#8211; University of Ottawa, Ottawa, Ontario<br \/>\n1997 &#8211; University of Toronto, Toronto, Ontario<br \/>\n1996 &#8211; Brock University, St. Catharines, Ontario<br \/>\n1995 &#8211; Universit\u00e9 de Qu\u00e9bec \u00e0 Montr\u00e9al, Montr\u00e9al, Qu\u00e9bec<br \/>\n1994 &#8211; University of Calgary, Calgary, Alberta<br \/>\n1993 &#8211; Carleton University, Ottawa, Ontario<br \/>\n1992 &#8211; University of Prince Edward Island, Charlottetown, PEI<br \/>\n1991 &#8211; Queen&#8217;s University, Kingston, Ontario<br \/>\n1990 &#8211; University of Victoria, Victoria, B.C.<br \/>\n1989 &#8211; University of Toronto, Toronto, Ontario<br \/>\n1988 &#8211; University of Windsor, Windsor, Ontario<br \/>\n1987 &#8211; McMaster University, Hamilton, Ontario<br \/>\n1986 &#8211; University of Manitoba, Winnipeg, Manitoba<br \/>\n1985 &#8211; Universit\u00e9 de Montr\u00e9al, Montr\u00e9al, Qu\u00e9bec<\/p>\n","protected":false},"excerpt":{"rendered":"<p>Below is a list of past HSAC conferences since 1985 with dates and locations: 2025 &#8211; George Brown College, Toronto, Ontario 2024 &#8211; McGill University, Montreal, Quebec 2023 &#8211; York University, Toronto, Ontario 2022 &#8211; Virtual Conference 2021 &#8211; University&#8230;<\/p>\n","protected":false},"author":1,"featured_media":0,"parent":0,"menu_order":0,"comment_status":"closed","ping_status":"closed","template":"","meta":{"footnotes":""},"class_list":["post-257","page","type-page","status-publish","hentry"],"_links":{"self":[{"href":"https:\/\/hungarianstudies.org\/index.php?rest_route=\/wp\/v2\/pages\/257","targetHints":{"allow":["GET"]}}],"collection":[{"href":"https:\/\/hungarianstudies.org\/index.php?rest_route=\/wp\/v2\/pages"}],"about":[{"href":"https:\/\/hungarianstudies.org\/index.php?rest_route=\/wp\/v2\/types\/page"}],"author":[{"embeddable":true,"href":"https:\/\/hungarianstudies.org\/index.php?rest_route=\/wp\/v2\/users\/1"}],"replies":[{"embeddable":true,"href":"https:\/\/hungarianstudies.org\/index.php?rest_route=%2Fwp%2Fv2%2Fcomments&post=257"}],"version-history":[{"count":33,"href":"https:\/\/hungarianstudies.org\/index.php?rest_route=\/wp\/v2\/pages\/257\/revisions"}],"predecessor-version":[{"id":1113,"href":"https:\/\/hungarianstudies.org\/index.php?rest_route=\/wp\/v2\/pages\/257\/revisions\/1113"}],"wp:attachment":[{"href":"https:\/\/hungarianstudies.org\/index.php?rest_route=%2Fwp%2Fv2%2Fmedia&parent=257"}],"curies":[{"name":"wp","href":"https:\/\/api.w.org\/{rel}","templated":true}]}}