{"id":174,"date":"2018-10-20T17:16:08","date_gmt":"2018-10-20T17:16:08","guid":{"rendered":"https:\/\/hungarianstudies.org\/?page_id=174"},"modified":"2023-09-19T13:52:10","modified_gmt":"2023-09-19T13:52:10","slug":"lectures-and-papers","status":"publish","type":"page","link":"https:\/\/hungarianstudies.org\/?page_id=174","title":{"rendered":"Lectures and Papers"},"content":{"rendered":"<p><img loading=\"lazy\" decoding=\"async\" class=\"wp-image-177 size-full alignright\" src=\"https:\/\/hungarianstudies.org\/wp-content\/uploads\/2018\/10\/hsac2011.jpg\" alt=\"\" width=\"300\" height=\"431\" srcset=\"https:\/\/hungarianstudies.org\/wp-content\/uploads\/2018\/10\/hsac2011.jpg 300w, https:\/\/hungarianstudies.org\/wp-content\/uploads\/2018\/10\/hsac2011-209x300.jpg 209w\" sizes=\"auto, (max-width: 300px) 100vw, 300px\" \/><\/p>\n<h3>Latest Publication<\/h3>\n<p><strong>\u00a0<a href=\"https:\/\/hungarianstudies.org\/wp-content\/uploads\/2018\/10\/HSAC_56.pdf\" target=\"_blank\" rel=\"noopener\">Click here to read the latest publication in the\u00a0<i>Lectures &amp; Papers in Hungarian Studies<\/i>\u00a0series<\/a><\/strong><\/p>\n<hr \/>\n<p>HSAC wishes to thank Mr Jeno E. Horvath of Vancouver for his continued support of this series and his help in having this issue printed and prepared for digital publication here.<\/p>\n<hr \/>\n<table border=\"0\" width=\"90%\" align=\"center\">\n<tbody>\n<tr>\n<td><strong>1. J.E. Horvath:<\/strong>\u00a0Hungary through Western Eyes, 1991.<br \/>\n<strong>2. Judith Gal\u00e1ntha-Hermann:<\/strong>\u00a0A Political Background Study of Alexander Csoma de K\u00f5r\u00f6s&#8217;s Time in Ladakh, 1992.<br \/>\n<strong>3. Judith Gal\u00e1ntha-Hermann:<\/strong>\u00a0Unfinished Past: A Different View on Certain Aspects of the Life and Times of Alexander Csoma de K\u00f5r\u00f6s in Ladakh,1993.<br \/>\n<strong>4. Kov\u00e1csn\u00e9 Papp Ildik\u00f3: Szab\u00f3 T. Attila, a nyelvm\u00fbvel\u00f5 nyelvt\u00f6rt\u00e9n\u00e9sz,<\/strong>\u00a01993.<br \/>\n<b>5.<\/b>\u00a0Papers of the Nineth Annual Conference, Ottawa, 1993. Contributors:\u00a0<strong>Andrea Horv\u00e1th Thur\u00f3czy, L\u00e1szl\u00f3 Szab\u00f3, Imre Farkas<\/strong><br \/>\n<strong>6. Barnabas Racz:<\/strong>\u00a0The Hungarian Left-Opposition in the Pre-Election Campaign in 1993, 1994.<br \/>\n<strong>7. Kalman Dreisziger:\u00a0<\/strong>Hungarian Community Folkdance Groups in Canada, 1994.<br \/>\n<strong>8. Judith Gal\u00e1ntha-Hermann:<\/strong>\u00a0Alexander Csoma de K\u00f5r\u00f6s and the Evolution of the Traditional Tibetian Medicine, 1994.<br \/>\n<strong>9. Joseph Pungur:<\/strong>\u00a0The Churches in Communist Hungary 1948-1990, 1994.<br \/>\n<strong>10. Fiore Mester:<\/strong>\u00a0P\u00e9ter P\u00e1zm\u00e1ny&#8217;s Personality in the Light of Old and Modern Typologies, 1994.<br \/>\n<b>11.<\/b>\u00a0Papers of the Tenth Annual Conference, Calgary, 1994. Contributors:\u00a0<strong>L\u00e1szl\u00f3 Bagossy, Maria Krisztinkovich, Agotha Kiss, Imre Farkas<\/strong><br \/>\n<strong>12. J.E. Horvath:<\/strong>\u00a0Kossuth Memorabilia in North America, 1995.<br \/>\n<strong>13. J.E. Horvath and Dr. \u00c9va S. Cserey:<\/strong>\u00a0Important Stove Tiles at the Museum of Anthropology in Vancouver, British Columbia, 1995.<br \/>\n<strong>14. Barnabas Racz:<\/strong>\u00a0Beyond the 1994 Hungarian Socialist-Liberal Coalition, 1995.<br \/>\n<strong>15. Judith Gal\u00e1ntha-Hermann:<\/strong>\u00a0The Interrupted Journay: Myth and Realities about Tibet and Alexander Csoma de K\u00f5r\u00f6s, 1996.<br \/>\n<strong>16. L\u00e1szl\u00f3 Szab\u00f3:<\/strong>\u00a0Four Papers in Comparative Linguistics, 1997.<br \/>\n<strong>17. Kissn\u00e9 Nov\u00e1k \u00c9va:\u00a0<\/strong>A n\u00f5i szerepek v\u00e1ltoz\u00e1sa, 1997.<br \/>\n<strong>18. Judith Gal\u00e1ntha-Hermann:<\/strong>\u00a0A Closer Look at the Lifestyle and Health of Alexander Csoma de K\u00f5r\u00f6s through the Eyes of Traditional Tibetian Medicine, 1997.<br \/>\n<strong>19. L\u00e1szl\u00f3 Szab\u00f3:<\/strong>\u00a0More Papers in Comparative Linguistics, 1997.<br \/>\n<strong>20. Telchn\u00e9 Dancs R\u00f3zsa:<\/strong>\u00a0Grafika, kisplasztika, ex libris, 1998.<br \/>\n<strong>21. Judith Gal\u00e1ntha-Hermann:<\/strong>\u00a0The Ways of Living &#8211; The Ways of Learning:A Short Comparative Study of Ladakh and Transsylvania, 1998.<br \/>\n<strong>22. L\u00e1szl\u00f3 Szab\u00f3:\u00a0<\/strong>Maliseet and Hungarian, 1998.<br \/>\n<b>23.\u00a0<\/b>H\u00e1rom tanulm\u00e1ny. Szerz\u00f5k:\u00a0<strong>Kov\u00e1csn\u00e9 Papp Ildik\u00f3, Ku\u00fan G\u00e9za, S\u00f6mj\u00e9nn\u00e9 Cs\u00e9csy Magda<\/strong>, 1999.<br \/>\n<strong>24. Judith Gal\u00e1ntha-Hermann:\u00a0<\/strong>The Intellectual Legacy of Alexander Csoma de K\u00f5r\u00f6s (1784 &#8211; 1842), 1999<br \/>\n<strong>25. Maria H. Krisztinkovich:\u00a0<\/strong>Palissy, 1999.<br \/>\n<strong>26. Fiore Mester:<\/strong>\u00a0Endre Ady, Poet of Preverbal Experiences, 2000.<br \/>\n<strong>27. Judith Gal\u00e1ntha-Hermann:<\/strong>\u00a0Up close: Sangye Phuntsog, the Ladakhi teatcher of Alexander Csoma de K\u00f5r\u00f6s, 2000.<br \/>\n<strong>28. J.E. Horvath:<\/strong>\u00a0A Glimpse Into Hungarian Cultural History. 2001.<br \/>\n<strong>29. Kissn\u00e9 Nov\u00e1k \u00c9va \u00e9s R\u00e1cz Barnab\u00e1s:<\/strong>Nemzettudat \u00e9s kollekt\u00edv eml\u00e9kezet Magyarorsz\u00e1gon \u00e9s az Egyes\u00fclt \u00c1llamokban, 2001.<br \/>\n<b>30.<\/b>\u00a0H\u00e1rom el\u00f5ad\u00e1s a 16. konferencia programj\u00e1b\u00f3l. Szerz\u00f5k:\u00a0<strong>Bencsics Kl\u00e1ra, Bisztray Gy\u00f6rgy, Velki Magdolna,<\/strong>\u00a02001\u00a0<strong><br \/>\n31. Judith Gal\u00e1ntha-Hermann:<\/strong>\u00a0Facts or Fiction? A Comparative Study of Food and Dietary Habits Pertaining to Alexander Csoma de K\u00f5r\u00f6s, 2001.\u00a0<strong><br \/>\n32. Miska J\u00e1nos:<\/strong>\u00a0Jelenl\u00e9t\u00fcnk Kanad\u00e1ban, 2001.\u00a0<strong><br \/>\n33. Maria H. Krisztinkovich:<\/strong>\u00a0B\u00e1r\u00f3 Koppay J\u00f3zsef fest\u00f5m\u00fbv\u00e9sz \u00fajra-felfedez\u00e9se, 2001.\u00a0<strong><br \/>\n34. Judith Gal\u00e1ntha-Hermann:<\/strong>\u00a0Buddhist Spirituality in the Life of Alexander Csoma de K\u00f5r\u00f6s, 2002.\u00a0<strong><br \/>\n35. Bisztray Gy\u00f6rgy:<\/strong>\u00a0A Bisztray-dosszi\u00e9 nyom\u00e1ban, avagy a magyar fels\u00f5oktat\u00e1s fejv\u00e9tele 1949-ben, 2002\u00a0<strong><br \/>\n36. R\u00e1cz Barnab\u00e1s:<\/strong>\u00a0A K\u00faria \u00e9s a magyar \u00f6r\u00f6kl\u00e9si jog a 20. sz\u00e1zadban, 2003.\u00a0<strong><br \/>\n37. Judith Gal\u00e1ntha-Hermann:<\/strong>\u00a0Behind the Masquerade, Beneath the Mask: A Comparative Study of the Use of Masks in Hungary, Tibet and Bali, 2003.\u00a0<strong><br \/>\n38. Maria H. Krisztinkovich:<\/strong>\u00a0Szerelmem Emelk\u00e1m, 2003.\u00a0<strong><br \/>\n39. Bisztray Gy\u00f6rgy:\u00a0<\/strong>H\u00e1rom kellemetlen tanulm\u00e1ny\/Three Unpleasant Papers, 2003.\u00a0<strong><br \/>\n40. Maria H. Krisztinkovich:<\/strong>\u00a0Primary Sources Relating to The Anabaptists in Hungary, 2003.\u00a0<strong><br \/>\n41. Maria H. Krisztinkovich:\u00a0<\/strong>Bonne Esp\u00e9rance, Labrador, and the Hutterites: Further Notes on a Sixteenth Century Migration Plan, 2003.\u00a0<strong><br \/>\n42. Bencsics Kl\u00e1ra:<\/strong>\u00a0A bujdos\u00f3 im\u00e1ja: Wass Albert munk\u00e1ss\u00e1ga, 2003<br \/>\n<strong>43. Judith Gal\u00e1ntha-Hermann:<\/strong>\u00a0The Last Rites: Facts and Peculiarities, 2004.<br \/>\n<strong>44. Judith Gal\u00e1ntha-Hermann:<\/strong>\u00a0New Discoveries About Alexander Csoma de K\u00f5r\u00f6s and the Buddhist Monasteries of Northern India, 2004.<br \/>\n<strong>45. Kissn\u00e9 Nov\u00e1k \u00c9va:<\/strong>\u00a0K\u00e9t tanulm\u00e1ny, 2005.<br \/>\n<strong>46. Judith Gal\u00e1ntha-Hermann:\u00a0<\/strong>Started by a Revolution, Ceased to Exist by Another: A Brief History of the Hungarian Voice of Radio Canada International, 1956-1991, 2006.<br \/>\n<strong>47.<\/strong>Two Papers by\u00a0<b>George Bisztray and Eva M. Tomory<\/b>, 2008.<br \/>\n<strong>48. Kossuth \u00c9va:<\/strong>\u00a0A magyar nyelv haszn\u00e1lata Faludy Gy\u00f6rgy k\u00f6lt\u00e9szet\u00e9ben, 2008.<br \/>\n<strong>49. T\u00e9rey-Smith Mary:<\/strong>\u00a0Az Esterh\u00e1zy hercegi csal\u00e1d zenekara a XVIII. sz\u00e1zadban, 2008.<br \/>\n<strong>50. Bogy\u00f3-Homor Anna M\u00e1ria:<\/strong>\u00a0Megeml\u00e9kez\u00e9s Kod\u00e1ly Zolt\u00e1nr\u00f3l, 2008.<br \/>\n<strong>51. Eva M. Tomory:\u00a0<\/strong>Hungarian-born Entrepreneurs in Canada, 2009.<br \/>\n<strong>52. Bencsics Kl\u00e1ra:<\/strong>\u00a0A ninivei pr\u00f3f\u00e9ta: Babits Mih\u00e1ly.<br \/>\n<strong>53. \u00c9va Kossuth:<\/strong>\u00a0The Multicultural Activities of Hungarian Violinist G\u00e9za de Kresz, 2009.<br \/>\n<strong>54. T\u00e9rey-Smith Mary:<\/strong>\u00a0Gr\u00f3f Erd\u00f5dy J\u00e1nos pozsonyi operat\u00e1rsulata 1785-89, 2009.<br \/>\n<strong>55. Lisa Turkewitsch:<\/strong>\u00a0The Europeanisation of Hungarian Foreign Policy, 2009.<br \/>\n<b>56. Kossuth \u00c9va:<\/b>\u00a0Tisz\u00e1n Innen, Dun\u00e1n T\u00fal\u2026 \u00e9s\/and\u00a0<b>T\u00e9rey-Smith Mary:<\/b>\u00a0\u201eH\u00edrhedett zen\u00e9sze a vil\u00e1gnak\u201d\u2026 Liszt Ferenc, 2011.<\/td>\n<\/tr>\n<\/tbody>\n<\/table>\n","protected":false},"excerpt":{"rendered":"<p>Latest Publication \u00a0Click here to read the latest publication in the\u00a0Lectures &amp; Papers in Hungarian Studies\u00a0series HSAC wishes to thank Mr Jeno E. Horvath of Vancouver for his continued support of this series and his help in having this issue&#8230;<\/p>\n","protected":false},"author":1,"featured_media":0,"parent":0,"menu_order":0,"comment_status":"closed","ping_status":"closed","template":"","meta":{"footnotes":""},"class_list":["post-174","page","type-page","status-publish","hentry"],"_links":{"self":[{"href":"https:\/\/hungarianstudies.org\/index.php?rest_route=\/wp\/v2\/pages\/174","targetHints":{"allow":["GET"]}}],"collection":[{"href":"https:\/\/hungarianstudies.org\/index.php?rest_route=\/wp\/v2\/pages"}],"about":[{"href":"https:\/\/hungarianstudies.org\/index.php?rest_route=\/wp\/v2\/types\/page"}],"author":[{"embeddable":true,"href":"https:\/\/hungarianstudies.org\/index.php?rest_route=\/wp\/v2\/users\/1"}],"replies":[{"embeddable":true,"href":"https:\/\/hungarianstudies.org\/index.php?rest_route=%2Fwp%2Fv2%2Fcomments&post=174"}],"version-history":[{"count":14,"href":"https:\/\/hungarianstudies.org\/index.php?rest_route=\/wp\/v2\/pages\/174\/revisions"}],"predecessor-version":[{"id":740,"href":"https:\/\/hungarianstudies.org\/index.php?rest_route=\/wp\/v2\/pages\/174\/revisions\/740"}],"wp:attachment":[{"href":"https:\/\/hungarianstudies.org\/index.php?rest_route=%2Fwp%2Fv2%2Fmedia&parent=174"}],"curies":[{"name":"wp","href":"https:\/\/api.w.org\/{rel}","templated":true}]}}